{"id":24,"date":"2019-10-25T15:48:52","date_gmt":"2019-10-25T15:48:52","guid":{"rendered":"http:\/\/twilight-project.de\/?page_id=24"},"modified":"2023-07-05T09:11:03","modified_gmt":"2023-07-05T09:11:03","slug":"home","status":"publish","type":"page","link":"https:\/\/twilight-project.de\/?page_id=24","title":{"rendered":"Die Band"},"content":{"rendered":"<p><strong>Twilight Project<\/strong> ist eine Zwei-Mann-Band, die mit ihren Instrumenten <em>Keyboard<\/em> und <em>Gitarre<\/em>, sowie mehrstimmigem <em>Gesang<\/em> einen Sound auf die B\u00fchne bringt, der nichts vermissen l\u00e4sst.<\/p>\n<p>Die Band besteht aus <strong>Raimund Thuy<\/strong> (Keyboard und Gesang) und <strong>J\u00fcrgen Volkmar<\/strong> (Gitarren und Gesang).<\/p>\n<p>Die beiden gestandenen Musiker haben in der Vergangenheit schon einige Live-Erfahrung in verschiedenen Formationen gesammelt, unter anderem bei <em>The Stamps, The Roots, 2Night, Ad Libitum, Chantal<\/em> und <em>La Serena<\/em>. Au\u00dferdem wurden in den Jahren 1994 <em>(On the Move)<\/em> und 2006 <em>(Vibrations)<\/em> \u00a0zwei CDs mit eigenen St\u00fccken ver\u00f6ffentlicht, produziert in J\u00fcrgens privatem \u00a0 <em>ad-libitum-Studio<\/em> in Idstein\/W\u00f6rsdorf.<\/p>\n<p>Mittlerweile hat sich <b>Twilight Project<\/b> auf das Covern bekannter und beliebter &#8222;Oldies&#8220; \u00fcberwiegend aus den 60er, 70er und 80er Jahren verlegt, die sie in dieser Besetzung erstaunlich authentisch r\u00fcberbringen. Ihr Programm reicht von den <i>Beatles\u00a0<\/i>\u00fcber <i>Eric Clapton, Elton John\u00a0<\/i>und<i> <\/i>den <i>Eagles\u00a0<\/i>bis hin zu den<em> Rolling Stones,\u00a0<\/em>\u00a0<i>Alan<\/i>\u00a0<i>Parsons\u00a0Project <\/i>und<i> Pink Floyd<\/i>, um nur einige zu nennen.<\/p>\n<p>Dabei ist das Duo lautst\u00e4rkem\u00e4\u00dfig absolut flexibel und in der Lage, selbst im \u201eWohnzimmer\u201c aufzutreten, ohne dass die Decke abhebt. Aber trotzdem: <b>Grooven muss es schon&#8230;!<\/b><\/p>\n","protected":false},"excerpt":{"rendered":"<p>Twilight Project ist eine Zwei-Mann-Band, die mit ihren Instrumenten Keyboard und Gitarre, sowie mehrstimmigem Gesang einen Sound auf die B\u00fchne bringt, der nichts vermissen l\u00e4sst. &hellip; <\/p>\n","protected":false},"author":1,"featured_media":0,"parent":0,"menu_order":0,"comment_status":"closed","ping_status":"closed","template":"","meta":{"footnotes":""},"class_list":["post-24","page","type-page","status-publish","hentry"],"_links":{"self":[{"href":"https:\/\/twilight-project.de\/index.php?rest_route=\/wp\/v2\/pages\/24","targetHints":{"allow":["GET"]}}],"collection":[{"href":"https:\/\/twilight-project.de\/index.php?rest_route=\/wp\/v2\/pages"}],"about":[{"href":"https:\/\/twilight-project.de\/index.php?rest_route=\/wp\/v2\/types\/page"}],"author":[{"embeddable":true,"href":"https:\/\/twilight-project.de\/index.php?rest_route=\/wp\/v2\/users\/1"}],"replies":[{"embeddable":true,"href":"https:\/\/twilight-project.de\/index.php?rest_route=%2Fwp%2Fv2%2Fcomments&post=24"}],"version-history":[{"count":23,"href":"https:\/\/twilight-project.de\/index.php?rest_route=\/wp\/v2\/pages\/24\/revisions"}],"predecessor-version":[{"id":468,"href":"https:\/\/twilight-project.de\/index.php?rest_route=\/wp\/v2\/pages\/24\/revisions\/468"}],"wp:attachment":[{"href":"https:\/\/twilight-project.de\/index.php?rest_route=%2Fwp%2Fv2%2Fmedia&parent=24"}],"curies":[{"name":"wp","href":"https:\/\/api.w.org\/{rel}","templated":true}]}}