{"id":51,"date":"2019-10-25T16:12:09","date_gmt":"2019-10-25T16:12:09","guid":{"rendered":"http:\/\/twilight-project.de\/?page_id=51"},"modified":"2020-05-12T17:28:34","modified_gmt":"2020-05-12T17:28:34","slug":"eigene-veroeffentlichungen","status":"publish","type":"page","link":"https:\/\/twilight-project.de\/?page_id=51","title":{"rendered":"Eigene CDs"},"content":{"rendered":"\n<p>Als 1994 das erste Album von TWILIGHT PROJECT erschien, hatten die beiden Musiker Raimund Thuy und J\u00fcrgen Volkmar nicht mit der gro\u00dfen Resonanz gerechnet, die ihrem Erstlingswerk &#8222;On the Move&#8220; zuteil wurde. 12 Jahre sp\u00e4ter legt TWILIGHT PROJECT seine zweite CD mit dem Titel &#8222;Vibrations&#8220; vor. Man merkt, da\u00df sich die Musiker viel Zeit gelassen haben, um ihre Ideen zu realisieren. Hier waren echte Beatles Fans am Werk, viele St\u00fccke sind von Beatles Songs inspiriert und man findet einige Zitate aus Klassikern der Fab Four. Wer Beatles und die Musik dieser \u00c4ra mag, wird viel Freude an dieser CD haben. Die Titel klingen frisch und zeitgem\u00e4\u00df, reiche Arrangements und moderne Technik machen es m\u00f6glich. Und trotzdem ist da immer das gewisse Etwas, das sie unseren Ohren irgendwie vertraut und freundlich erscheinen l\u00e4sst.<\/p>\n\n\n\n<figure class=\"wp-block-gallery columns-3 is-cropped wp-block-gallery-1 is-layout-flex wp-block-gallery-is-layout-flex\"><ul class=\"blocks-gallery-grid\"><li class=\"blocks-gallery-item\"><figure><img loading=\"lazy\" decoding=\"async\" width=\"1020\" height=\"1024\" src=\"https:\/\/twilight-project.de\/wp-content\/uploads\/2020\/05\/on-the-move-vorne-3-1020x1024-1.jpg\" alt=\"\" data-id=\"345\" data-full-url=\"https:\/\/twilight-project.de\/wp-content\/uploads\/2020\/05\/on-the-move-vorne-3-1020x1024-1.jpg\" data-link=\"https:\/\/twilight-project.de\/?attachment_id=345\" class=\"wp-image-345\" srcset=\"https:\/\/twilight-project.de\/wp-content\/uploads\/2020\/05\/on-the-move-vorne-3-1020x1024-1.jpg 1020w, https:\/\/twilight-project.de\/wp-content\/uploads\/2020\/05\/on-the-move-vorne-3-1020x1024-1-300x300.jpg 300w, https:\/\/twilight-project.de\/wp-content\/uploads\/2020\/05\/on-the-move-vorne-3-1020x1024-1-150x150.jpg 150w, https:\/\/twilight-project.de\/wp-content\/uploads\/2020\/05\/on-the-move-vorne-3-1020x1024-1-768x771.jpg 768w\" sizes=\"auto, (max-width: 1020px) 100vw, 1020px\" \/><\/figure><\/li><li class=\"blocks-gallery-item\"><figure><img loading=\"lazy\" decoding=\"async\" width=\"1024\" height=\"1009\" src=\"https:\/\/twilight-project.de\/wp-content\/uploads\/2020\/05\/on-the-move-hinten-3-1024x1009-1.jpg\" alt=\"\" data-id=\"344\" data-full-url=\"https:\/\/twilight-project.de\/wp-content\/uploads\/2020\/05\/on-the-move-hinten-3-1024x1009-1.jpg\" data-link=\"https:\/\/twilight-project.de\/?attachment_id=344\" class=\"wp-image-344\" srcset=\"https:\/\/twilight-project.de\/wp-content\/uploads\/2020\/05\/on-the-move-hinten-3-1024x1009-1.jpg 1024w, https:\/\/twilight-project.de\/wp-content\/uploads\/2020\/05\/on-the-move-hinten-3-1024x1009-1-300x296.jpg 300w, https:\/\/twilight-project.de\/wp-content\/uploads\/2020\/05\/on-the-move-hinten-3-1024x1009-1-768x757.jpg 768w\" sizes=\"auto, (max-width: 1024px) 100vw, 1024px\" \/><\/figure><\/li><li class=\"blocks-gallery-item\"><figure><img loading=\"lazy\" decoding=\"async\" width=\"1024\" height=\"1019\" src=\"https:\/\/twilight-project.de\/wp-content\/uploads\/2020\/05\/twilight-project-2-1024x1019-1.jpg\" alt=\"\" data-id=\"346\" data-full-url=\"https:\/\/twilight-project.de\/wp-content\/uploads\/2020\/05\/twilight-project-2-1024x1019-1.jpg\" data-link=\"https:\/\/twilight-project.de\/?attachment_id=346\" class=\"wp-image-346\" srcset=\"https:\/\/twilight-project.de\/wp-content\/uploads\/2020\/05\/twilight-project-2-1024x1019-1.jpg 1024w, https:\/\/twilight-project.de\/wp-content\/uploads\/2020\/05\/twilight-project-2-1024x1019-1-300x300.jpg 300w, https:\/\/twilight-project.de\/wp-content\/uploads\/2020\/05\/twilight-project-2-1024x1019-1-150x150.jpg 150w, https:\/\/twilight-project.de\/wp-content\/uploads\/2020\/05\/twilight-project-2-1024x1019-1-768x764.jpg 768w\" sizes=\"auto, (max-width: 1024px) 100vw, 1024px\" \/><\/figure><\/li><li class=\"blocks-gallery-item\"><figure><img loading=\"lazy\" decoding=\"async\" width=\"1024\" height=\"928\" src=\"https:\/\/twilight-project.de\/wp-content\/uploads\/2020\/05\/vibrations-vorne-2-1024x928-1.jpg\" alt=\"\" data-id=\"352\" data-full-url=\"https:\/\/twilight-project.de\/wp-content\/uploads\/2020\/05\/vibrations-vorne-2-1024x928-1.jpg\" data-link=\"https:\/\/twilight-project.de\/?attachment_id=352\" class=\"wp-image-352\" srcset=\"https:\/\/twilight-project.de\/wp-content\/uploads\/2020\/05\/vibrations-vorne-2-1024x928-1.jpg 1024w, https:\/\/twilight-project.de\/wp-content\/uploads\/2020\/05\/vibrations-vorne-2-1024x928-1-300x272.jpg 300w, https:\/\/twilight-project.de\/wp-content\/uploads\/2020\/05\/vibrations-vorne-2-1024x928-1-768x696.jpg 768w\" sizes=\"auto, (max-width: 1024px) 100vw, 1024px\" \/><\/figure><\/li><li class=\"blocks-gallery-item\"><figure><img loading=\"lazy\" decoding=\"async\" width=\"1024\" height=\"917\" src=\"https:\/\/twilight-project.de\/wp-content\/uploads\/2020\/05\/vibrations-hinten-2-1024x917-1.jpg\" alt=\"\" data-id=\"347\" data-full-url=\"https:\/\/twilight-project.de\/wp-content\/uploads\/2020\/05\/vibrations-hinten-2-1024x917-1.jpg\" data-link=\"https:\/\/twilight-project.de\/?attachment_id=347\" class=\"wp-image-347\" srcset=\"https:\/\/twilight-project.de\/wp-content\/uploads\/2020\/05\/vibrations-hinten-2-1024x917-1.jpg 1024w, https:\/\/twilight-project.de\/wp-content\/uploads\/2020\/05\/vibrations-hinten-2-1024x917-1-300x269.jpg 300w, https:\/\/twilight-project.de\/wp-content\/uploads\/2020\/05\/vibrations-hinten-2-1024x917-1-768x688.jpg 768w\" sizes=\"auto, (max-width: 1024px) 100vw, 1024px\" \/><\/figure><\/li><li class=\"blocks-gallery-item\"><figure><img loading=\"lazy\" decoding=\"async\" width=\"1024\" height=\"941\" src=\"https:\/\/twilight-project.de\/wp-content\/uploads\/2020\/05\/vibrations-innen-1-2-1024x941-1.jpg\" alt=\"\" data-id=\"348\" data-full-url=\"https:\/\/twilight-project.de\/wp-content\/uploads\/2020\/05\/vibrations-innen-1-2-1024x941-1.jpg\" data-link=\"https:\/\/twilight-project.de\/?attachment_id=348\" class=\"wp-image-348\" srcset=\"https:\/\/twilight-project.de\/wp-content\/uploads\/2020\/05\/vibrations-innen-1-2-1024x941-1.jpg 1024w, https:\/\/twilight-project.de\/wp-content\/uploads\/2020\/05\/vibrations-innen-1-2-1024x941-1-300x276.jpg 300w, https:\/\/twilight-project.de\/wp-content\/uploads\/2020\/05\/vibrations-innen-1-2-1024x941-1-768x706.jpg 768w\" sizes=\"auto, (max-width: 1024px) 100vw, 1024px\" \/><\/figure><\/li><li class=\"blocks-gallery-item\"><figure><img loading=\"lazy\" decoding=\"async\" width=\"1024\" height=\"923\" src=\"https:\/\/twilight-project.de\/wp-content\/uploads\/2020\/05\/vibrations-innen-2-2-1024x923-1.jpg\" alt=\"\" data-id=\"349\" data-full-url=\"https:\/\/twilight-project.de\/wp-content\/uploads\/2020\/05\/vibrations-innen-2-2-1024x923-1.jpg\" data-link=\"https:\/\/twilight-project.de\/?attachment_id=349\" class=\"wp-image-349\" srcset=\"https:\/\/twilight-project.de\/wp-content\/uploads\/2020\/05\/vibrations-innen-2-2-1024x923-1.jpg 1024w, https:\/\/twilight-project.de\/wp-content\/uploads\/2020\/05\/vibrations-innen-2-2-1024x923-1-300x270.jpg 300w, https:\/\/twilight-project.de\/wp-content\/uploads\/2020\/05\/vibrations-innen-2-2-1024x923-1-768x692.jpg 768w\" sizes=\"auto, (max-width: 1024px) 100vw, 1024px\" \/><\/figure><\/li><li class=\"blocks-gallery-item\"><figure><img loading=\"lazy\" decoding=\"async\" width=\"1024\" height=\"968\" src=\"https:\/\/twilight-project.de\/wp-content\/uploads\/2020\/05\/vibrations-innen-3-2-1024x968-1.jpg\" alt=\"\" data-id=\"350\" data-full-url=\"https:\/\/twilight-project.de\/wp-content\/uploads\/2020\/05\/vibrations-innen-3-2-1024x968-1.jpg\" data-link=\"https:\/\/twilight-project.de\/?attachment_id=350\" class=\"wp-image-350\" srcset=\"https:\/\/twilight-project.de\/wp-content\/uploads\/2020\/05\/vibrations-innen-3-2-1024x968-1.jpg 1024w, https:\/\/twilight-project.de\/wp-content\/uploads\/2020\/05\/vibrations-innen-3-2-1024x968-1-300x284.jpg 300w, https:\/\/twilight-project.de\/wp-content\/uploads\/2020\/05\/vibrations-innen-3-2-1024x968-1-768x726.jpg 768w\" sizes=\"auto, (max-width: 1024px) 100vw, 1024px\" \/><\/figure><\/li><li class=\"blocks-gallery-item\"><figure><img loading=\"lazy\" decoding=\"async\" width=\"1024\" height=\"934\" src=\"https:\/\/twilight-project.de\/wp-content\/uploads\/2020\/05\/vibrations-innen-4-2-1024x934-1.jpg\" alt=\"\" data-id=\"351\" data-full-url=\"https:\/\/twilight-project.de\/wp-content\/uploads\/2020\/05\/vibrations-innen-4-2-1024x934-1.jpg\" data-link=\"https:\/\/twilight-project.de\/?attachment_id=351\" class=\"wp-image-351\" srcset=\"https:\/\/twilight-project.de\/wp-content\/uploads\/2020\/05\/vibrations-innen-4-2-1024x934-1.jpg 1024w, https:\/\/twilight-project.de\/wp-content\/uploads\/2020\/05\/vibrations-innen-4-2-1024x934-1-300x274.jpg 300w, https:\/\/twilight-project.de\/wp-content\/uploads\/2020\/05\/vibrations-innen-4-2-1024x934-1-768x701.jpg 768w\" sizes=\"auto, (max-width: 1024px) 100vw, 1024px\" \/><\/figure><\/li><\/ul><\/figure>\n\n\n\n<figure class=\"wp-block-audio\"><audio controls src=\"https:\/\/twilight-project.de\/wp-content\/uploads\/2020\/03\/A-Pearl-in-ths-sand-04-Pearl-in-the-sand.mp3\"><\/audio><figcaption>Pearl in the sand<\/figcaption><\/figure>\n\n\n\n<figure class=\"wp-block-audio\"><audio controls src=\"https:\/\/twilight-project.de\/wp-content\/uploads\/2020\/03\/Empty-Stages-11-Empty-stages-1.mp3\"><\/audio><figcaption>Empty stages<\/figcaption><\/figure>\n\n\n\n<figure class=\"wp-block-audio\"><audio controls src=\"https:\/\/twilight-project.de\/wp-content\/uploads\/2020\/03\/Good-Night-14-Good-night-1.mp3\"><\/audio><figcaption>Good night<\/figcaption><\/figure>\n\n\n\n<figure class=\"wp-block-audio\"><audio controls src=\"https:\/\/twilight-project.de\/wp-content\/uploads\/2020\/03\/On-the-move-08-On-the-move.mp3\"><\/audio><figcaption>On the move<\/figcaption><\/figure>\n\n\n\n<figure class=\"wp-block-audio\"><audio controls src=\"https:\/\/twilight-project.de\/wp-content\/uploads\/2020\/03\/Time-is-right-02-Time-is-right.mp3\"><\/audio><figcaption>Time is right<\/figcaption><\/figure>\n\n\n\n<figure class=\"wp-block-audio\"><audio controls src=\"https:\/\/twilight-project.de\/wp-content\/uploads\/2020\/03\/Angels-fly-06-Angels-fly.mp3\"><\/audio><figcaption>Angels fly<\/figcaption><\/figure>\n\n\n\n<figure class=\"wp-block-audio\"><audio controls src=\"https:\/\/twilight-project.de\/wp-content\/uploads\/2020\/03\/Bad-vibrations-02-Bad-vibrations.mp3\"><\/audio><figcaption>Bad vibrations<\/figcaption><\/figure>\n\n\n\n<figure class=\"wp-block-audio\"><audio controls src=\"https:\/\/twilight-project.de\/wp-content\/uploads\/2020\/03\/No.-9-09-No.9-Tell-me-why.mp3\"><\/audio><figcaption>No. 9 (Tell me why)<\/figcaption><\/figure>\n\n\n\n<figure class=\"wp-block-audio\"><audio controls src=\"https:\/\/twilight-project.de\/wp-content\/uploads\/2020\/03\/The-thwarted-king-12-The-thrawted-king.mp3\"><\/audio><figcaption>The thwarted king<\/figcaption><\/figure>\n\n\n\n<figure class=\"wp-block-audio\"><audio controls src=\"https:\/\/twilight-project.de\/wp-content\/uploads\/2020\/03\/Whatever-I-try-01-What-ever-I-tray-LoveLoveLove.mp3\"><\/audio><figcaption>What ever I try (Love, Love, Love) <\/figcaption><\/figure>\n","protected":false},"excerpt":{"rendered":"<p>Als 1994 das erste Album von TWILIGHT PROJECT erschien, hatten die beiden Musiker Raimund Thuy und J\u00fcrgen Volkmar nicht mit der gro\u00dfen Resonanz gerechnet, die &hellip; <\/p>\n","protected":false},"author":1,"featured_media":0,"parent":0,"menu_order":0,"comment_status":"closed","ping_status":"closed","template":"","meta":{"footnotes":""},"class_list":["post-51","page","type-page","status-publish","hentry"],"_links":{"self":[{"href":"https:\/\/twilight-project.de\/index.php?rest_route=\/wp\/v2\/pages\/51","targetHints":{"allow":["GET"]}}],"collection":[{"href":"https:\/\/twilight-project.de\/index.php?rest_route=\/wp\/v2\/pages"}],"about":[{"href":"https:\/\/twilight-project.de\/index.php?rest_route=\/wp\/v2\/types\/page"}],"author":[{"embeddable":true,"href":"https:\/\/twilight-project.de\/index.php?rest_route=\/wp\/v2\/users\/1"}],"replies":[{"embeddable":true,"href":"https:\/\/twilight-project.de\/index.php?rest_route=%2Fwp%2Fv2%2Fcomments&post=51"}],"version-history":[{"count":17,"href":"https:\/\/twilight-project.de\/index.php?rest_route=\/wp\/v2\/pages\/51\/revisions"}],"predecessor-version":[{"id":355,"href":"https:\/\/twilight-project.de\/index.php?rest_route=\/wp\/v2\/pages\/51\/revisions\/355"}],"wp:attachment":[{"href":"https:\/\/twilight-project.de\/index.php?rest_route=%2Fwp%2Fv2%2Fmedia&parent=51"}],"curies":[{"name":"wp","href":"https:\/\/api.w.org\/{rel}","templated":true}]}}